{"id":567,"date":"2023-11-01T10:25:39","date_gmt":"2023-11-01T09:25:39","guid":{"rendered":"https:\/\/www.plantguardian.ch\/?page_id=567"},"modified":"2024-04-26T11:33:59","modified_gmt":"2024-04-26T09:33:59","slug":"team","status":"publish","type":"page","link":"https:\/\/www.plantguardian.ch\/en\/team\/","title":{"rendered":"Team"},"content":{"rendered":"<div data-elementor-type=\"wp-page\" data-elementor-id=\"567\" class=\"elementor elementor-567\">\n\t\t\t\t<div class=\"elementor-element elementor-element-ba55dab e-flex e-con-boxed e-con e-parent\" data-id=\"ba55dab\" data-element_type=\"container\" data-core-v316-plus=\"true\">\n\t\t\t\t\t<div class=\"e-con-inner\">\n\t\t\t\t<div class=\"elementor-element elementor-element-914ceb3 elementor-widget elementor-widget-image\" data-id=\"914ceb3\" data-element_type=\"widget\" data-widget_type=\"image.default\">\n\t\t\t\t<div class=\"elementor-widget-container\">\n\t\t\t<style>\/*! elementor - v3.20.0 - 20-03-2024 *\/\n.elementor-widget-image{text-align:center}.elementor-widget-image a{display:inline-block}.elementor-widget-image a img[src$=\".svg\"]{width:48px}.elementor-widget-image img{vertical-align:middle;display:inline-block}<\/style>\t\t\t\t\t\t\t\t\t\t<img fetchpriority=\"high\" decoding=\"async\" width=\"768\" height=\"768\" src=\"https:\/\/www.plantguardian.ch\/wp-content\/uploads\/2023\/11\/IMG-20231019-WA0009-e1698832483849.jpg\" class=\"attachment-medium_large size-medium_large wp-image-607\" alt=\"\" srcset=\"https:\/\/www.plantguardian.ch\/wp-content\/uploads\/2023\/11\/IMG-20231019-WA0009-e1698832483849.jpg 768w, https:\/\/www.plantguardian.ch\/wp-content\/uploads\/2023\/11\/IMG-20231019-WA0009-e1698832483849-300x300.jpg 300w, https:\/\/www.plantguardian.ch\/wp-content\/uploads\/2023\/11\/IMG-20231019-WA0009-e1698832483849-150x150.jpg 150w, https:\/\/www.plantguardian.ch\/wp-content\/uploads\/2023\/11\/IMG-20231019-WA0009-e1698832483849-575x575.jpg 575w, https:\/\/www.plantguardian.ch\/wp-content\/uploads\/2023\/11\/IMG-20231019-WA0009-e1698832483849-380x380.jpg 380w, https:\/\/www.plantguardian.ch\/wp-content\/uploads\/2023\/11\/IMG-20231019-WA0009-e1698832483849-420x420.jpg 420w, https:\/\/www.plantguardian.ch\/wp-content\/uploads\/2023\/11\/IMG-20231019-WA0009-e1698832483849-100x100.jpg 100w\" sizes=\"(max-width: 768px) 100vw, 768px\" \/>\t\t\t\t\t\t\t\t\t\t\t\t\t<\/div>\n\t\t\t\t<\/div>\n\t\t\t\t\t<\/div>\n\t\t\t\t<\/div>\n\t\t<div class=\"elementor-element elementor-element-9fe70c0 e-flex e-con-boxed e-con e-parent\" data-id=\"9fe70c0\" data-element_type=\"container\" data-core-v316-plus=\"true\">\n\t\t\t\t\t<div class=\"e-con-inner\">\n\t\t\t\t<div class=\"elementor-element elementor-element-4af7b09 elementor-widget elementor-widget-spacer\" data-id=\"4af7b09\" data-element_type=\"widget\" data-widget_type=\"spacer.default\">\n\t\t\t\t<div class=\"elementor-widget-container\">\n\t\t\t<style>\/*! elementor - v3.20.0 - 20-03-2024 *\/\n.elementor-column .elementor-spacer-inner{height:var(--spacer-size)}.e-con{--container-widget-width:100%}.e-con-inner>.elementor-widget-spacer,.e-con>.elementor-widget-spacer{width:var(--container-widget-width,var(--spacer-size));--align-self:var(--container-widget-align-self,initial);--flex-shrink:0}.e-con-inner>.elementor-widget-spacer>.elementor-widget-container,.e-con>.elementor-widget-spacer>.elementor-widget-container{height:100%;width:100%}.e-con-inner>.elementor-widget-spacer>.elementor-widget-container>.elementor-spacer,.e-con>.elementor-widget-spacer>.elementor-widget-container>.elementor-spacer{height:100%}.e-con-inner>.elementor-widget-spacer>.elementor-widget-container>.elementor-spacer>.elementor-spacer-inner,.e-con>.elementor-widget-spacer>.elementor-widget-container>.elementor-spacer>.elementor-spacer-inner{height:var(--container-widget-height,var(--spacer-size))}.e-con-inner>.elementor-widget-spacer.elementor-widget-empty,.e-con>.elementor-widget-spacer.elementor-widget-empty{position:relative;min-height:22px;min-width:22px}.e-con-inner>.elementor-widget-spacer.elementor-widget-empty .elementor-widget-empty-icon,.e-con>.elementor-widget-spacer.elementor-widget-empty .elementor-widget-empty-icon{position:absolute;top:0;bottom:0;left:0;right:0;margin:auto;padding:0;width:22px;height:22px}<\/style>\t\t<div class=\"elementor-spacer\">\n\t\t\t<div class=\"elementor-spacer-inner\"><\/div>\n\t\t<\/div>\n\t\t\t\t<\/div>\n\t\t\t\t<\/div>\n\t\t\t\t\t<\/div>\n\t\t\t\t<\/div>\n\t\t<div class=\"elementor-element elementor-element-7095e1b e-flex e-con-boxed e-con e-parent\" data-id=\"7095e1b\" data-element_type=\"container\" data-core-v316-plus=\"true\">\n\t\t\t\t\t<div class=\"e-con-inner\">\n\t\t<div class=\"elementor-element elementor-element-a9d1b42 e-con-full e-flex e-con e-child\" data-id=\"a9d1b42\" data-element_type=\"container\">\n\t\t\t\t<div class=\"elementor-element elementor-element-2922401 elementor-widget elementor-widget-image\" data-id=\"2922401\" data-element_type=\"widget\" data-widget_type=\"image.default\">\n\t\t\t\t<div class=\"elementor-widget-container\">\n\t\t\t\t\t\t\t\t\t\t\t\t\t<img decoding=\"async\" width=\"225\" height=\"300\" src=\"https:\/\/www.plantguardian.ch\/wp-content\/uploads\/2024\/03\/IMG-20240327-WA0002-225x300.jpg\" class=\"attachment-medium size-medium wp-image-858\" alt=\"\" srcset=\"https:\/\/www.plantguardian.ch\/wp-content\/uploads\/2024\/03\/IMG-20240327-WA0002-225x300.jpg 225w, https:\/\/www.plantguardian.ch\/wp-content\/uploads\/2024\/03\/IMG-20240327-WA0002-768x1024.jpg 768w, https:\/\/www.plantguardian.ch\/wp-content\/uploads\/2024\/03\/IMG-20240327-WA0002-1152x1536.jpg 1152w, https:\/\/www.plantguardian.ch\/wp-content\/uploads\/2024\/03\/IMG-20240327-WA0002-9x12.jpg 9w, https:\/\/www.plantguardian.ch\/wp-content\/uploads\/2024\/03\/IMG-20240327-WA0002-1140x1520.jpg 1140w, https:\/\/www.plantguardian.ch\/wp-content\/uploads\/2024\/03\/IMG-20240327-WA0002-920x1227.jpg 920w, https:\/\/www.plantguardian.ch\/wp-content\/uploads\/2024\/03\/IMG-20240327-WA0002-575x767.jpg 575w, https:\/\/www.plantguardian.ch\/wp-content\/uploads\/2024\/03\/IMG-20240327-WA0002-380x507.jpg 380w, https:\/\/www.plantguardian.ch\/wp-content\/uploads\/2024\/03\/IMG-20240327-WA0002-420x560.jpg 420w, https:\/\/www.plantguardian.ch\/wp-content\/uploads\/2024\/03\/IMG-20240327-WA0002-800x1067.jpg 800w, https:\/\/www.plantguardian.ch\/wp-content\/uploads\/2024\/03\/IMG-20240327-WA0002.jpg 1200w\" sizes=\"(max-width: 225px) 100vw, 225px\" \/>\t\t\t\t\t\t\t\t\t\t\t\t\t<\/div>\n\t\t\t\t<\/div>\n\t\t\t\t<\/div>\n\t\t<div class=\"elementor-element elementor-element-8c65ee1 e-con-full e-flex e-con e-child\" data-id=\"8c65ee1\" data-element_type=\"container\">\n\t\t\t\t<div class=\"elementor-element elementor-element-3791565 elementor-widget elementor-widget-heading\" data-id=\"3791565\" data-element_type=\"widget\" data-widget_type=\"heading.default\">\n\t\t\t\t<div class=\"elementor-widget-container\">\n\t\t\t<style>\/*! elementor - v3.20.0 - 20-03-2024 *\/\n.elementor-heading-title{padding:0;margin:0;line-height:1}.elementor-widget-heading .elementor-heading-title[class*=elementor-size-]>a{color:inherit;font-size:inherit;line-height:inherit}.elementor-widget-heading .elementor-heading-title.elementor-size-small{font-size:15px}.elementor-widget-heading .elementor-heading-title.elementor-size-medium{font-size:19px}.elementor-widget-heading .elementor-heading-title.elementor-size-large{font-size:29px}.elementor-widget-heading .elementor-heading-title.elementor-size-xl{font-size:39px}.elementor-widget-heading .elementor-heading-title.elementor-size-xxl{font-size:59px}<\/style><h2 class=\"elementor-heading-title elementor-size-default\"><span><span class=\"ui-provider bks bkt bku bkv bkw bkx bky bkz bla blb blc bld ble blf blg blh bli blj blk bll blm bln blo blp blq blr bls blt blu blv blw blx bly blz bma\" dir=\"ltr\">Lena Szent-Iv\u00e0ny<\/span><\/span><\/h2>\t\t<\/div>\n\t\t\t\t<\/div>\n\t\t\t\t<div class=\"elementor-element elementor-element-03eedb3 elementor-widget elementor-widget-heading\" data-id=\"03eedb3\" data-element_type=\"widget\" data-widget_type=\"heading.default\">\n\t\t\t\t<div class=\"elementor-widget-container\">\n\t\t\t<h3 class=\"elementor-heading-title elementor-size-default\">CEO \/ CMO<\/h3>\t\t<\/div>\n\t\t\t\t<\/div>\n\t\t\t\t<div class=\"elementor-element elementor-element-7abbd5e elementor-widget elementor-widget-text-editor\" data-id=\"7abbd5e\" data-element_type=\"widget\" data-widget_type=\"text-editor.default\">\n\t\t\t\t<div class=\"elementor-widget-container\">\n\t\t\t<style>\/*! elementor - v3.20.0 - 20-03-2024 *\/\n.elementor-widget-text-editor.elementor-drop-cap-view-stacked .elementor-drop-cap{background-color:#69727d;color:#fff}.elementor-widget-text-editor.elementor-drop-cap-view-framed .elementor-drop-cap{color:#69727d;border:3px solid;background-color:transparent}.elementor-widget-text-editor:not(.elementor-drop-cap-view-default) .elementor-drop-cap{margin-top:8px}.elementor-widget-text-editor:not(.elementor-drop-cap-view-default) .elementor-drop-cap-letter{width:1em;height:1em}.elementor-widget-text-editor .elementor-drop-cap{float:left;text-align:center;line-height:1;font-size:50px}.elementor-widget-text-editor .elementor-drop-cap-letter{display:inline-block}<\/style>\t\t\t\t<p>As CEO, I guide our team through difficulties, communicate with partners and advisors and make sure that nothing is forgotten. In the area of marketing, I ensure that our company becomes better known through regular Instagram posts and a good social media presence.<\/p>\t\t\t\t\t\t<\/div>\n\t\t\t\t<\/div>\n\t\t\t\t<div class=\"elementor-element elementor-element-335def8 elementor-widget elementor-widget-text-editor\" data-id=\"335def8\" data-element_type=\"widget\" data-widget_type=\"text-editor.default\">\n\t\t\t\t<div class=\"elementor-widget-container\">\n\t\t\t\t\t\t\t\t\t\t\t\t\t<\/div>\n\t\t\t\t<\/div>\n\t\t\t\t<\/div>\n\t\t\t\t\t<\/div>\n\t\t\t\t<\/div>\n\t\t<div class=\"elementor-element elementor-element-f9c3095 e-flex e-con-boxed e-con e-parent\" data-id=\"f9c3095\" data-element_type=\"container\" data-core-v316-plus=\"true\">\n\t\t\t\t\t<div class=\"e-con-inner\">\n\t\t<div class=\"elementor-element elementor-element-32aa426 e-con-full e-flex e-con e-child\" data-id=\"32aa426\" data-element_type=\"container\">\n\t\t\t\t<div class=\"elementor-element elementor-element-baca99f elementor-widget elementor-widget-image\" data-id=\"baca99f\" data-element_type=\"widget\" data-widget_type=\"image.default\">\n\t\t\t\t<div class=\"elementor-widget-container\">\n\t\t\t\t\t\t\t\t\t\t\t\t\t<img decoding=\"async\" width=\"225\" height=\"300\" src=\"https:\/\/www.plantguardian.ch\/wp-content\/uploads\/2024\/03\/IMG-20240327-WA0003-225x300.jpg\" class=\"attachment-medium size-medium wp-image-856\" alt=\"\" srcset=\"https:\/\/www.plantguardian.ch\/wp-content\/uploads\/2024\/03\/IMG-20240327-WA0003-225x300.jpg 225w, https:\/\/www.plantguardian.ch\/wp-content\/uploads\/2024\/03\/IMG-20240327-WA0003-768x1024.jpg 768w, https:\/\/www.plantguardian.ch\/wp-content\/uploads\/2024\/03\/IMG-20240327-WA0003-1152x1536.jpg 1152w, https:\/\/www.plantguardian.ch\/wp-content\/uploads\/2024\/03\/IMG-20240327-WA0003-9x12.jpg 9w, https:\/\/www.plantguardian.ch\/wp-content\/uploads\/2024\/03\/IMG-20240327-WA0003-1140x1520.jpg 1140w, https:\/\/www.plantguardian.ch\/wp-content\/uploads\/2024\/03\/IMG-20240327-WA0003-920x1227.jpg 920w, https:\/\/www.plantguardian.ch\/wp-content\/uploads\/2024\/03\/IMG-20240327-WA0003-575x767.jpg 575w, https:\/\/www.plantguardian.ch\/wp-content\/uploads\/2024\/03\/IMG-20240327-WA0003-380x507.jpg 380w, https:\/\/www.plantguardian.ch\/wp-content\/uploads\/2024\/03\/IMG-20240327-WA0003-420x560.jpg 420w, https:\/\/www.plantguardian.ch\/wp-content\/uploads\/2024\/03\/IMG-20240327-WA0003-800x1067.jpg 800w, https:\/\/www.plantguardian.ch\/wp-content\/uploads\/2024\/03\/IMG-20240327-WA0003.jpg 1200w\" sizes=\"(max-width: 225px) 100vw, 225px\" \/>\t\t\t\t\t\t\t\t\t\t\t\t\t<\/div>\n\t\t\t\t<\/div>\n\t\t\t\t<\/div>\n\t\t<div class=\"elementor-element elementor-element-8a5c570 e-con-full e-flex e-con e-child\" data-id=\"8a5c570\" data-element_type=\"container\">\n\t\t\t\t<div class=\"elementor-element elementor-element-87ca784 elementor-widget elementor-widget-heading\" data-id=\"87ca784\" data-element_type=\"widget\" data-widget_type=\"heading.default\">\n\t\t\t\t<div class=\"elementor-widget-container\">\n\t\t\t<h2 class=\"elementor-heading-title elementor-size-default\">Lean Schuler<\/h2>\t\t<\/div>\n\t\t\t\t<\/div>\n\t\t\t\t<div class=\"elementor-element elementor-element-8814998 elementor-widget elementor-widget-heading\" data-id=\"8814998\" data-element_type=\"widget\" data-widget_type=\"heading.default\">\n\t\t\t\t<div class=\"elementor-widget-container\">\n\t\t\t<h3 class=\"elementor-heading-title elementor-size-default\">CTO<\/h3>\t\t<\/div>\n\t\t\t\t<\/div>\n\t\t\t\t<div class=\"elementor-element elementor-element-df3db6a elementor-widget elementor-widget-text-editor\" data-id=\"df3db6a\" data-element_type=\"widget\" data-widget_type=\"text-editor.default\">\n\t\t\t\t<div class=\"elementor-widget-container\">\n\t\t\t\t\t\t\t<p>I am responsible for everything that has to do with technology in the company. This includes product development, the website and the app.<\/p>\t\t\t\t\t\t<\/div>\n\t\t\t\t<\/div>\n\t\t\t\t<div class=\"elementor-element elementor-element-8d464f6 elementor-widget elementor-widget-text-editor\" data-id=\"8d464f6\" data-element_type=\"widget\" data-widget_type=\"text-editor.default\">\n\t\t\t\t<div class=\"elementor-widget-container\">\n\t\t\t\t\t\t\t\t\t\t\t\t\t<\/div>\n\t\t\t\t<\/div>\n\t\t\t\t<\/div>\n\t\t\t\t\t<\/div>\n\t\t\t\t<\/div>\n\t\t<div class=\"elementor-element elementor-element-074ddaf e-flex e-con-boxed e-con e-parent\" data-id=\"074ddaf\" data-element_type=\"container\" data-core-v316-plus=\"true\">\n\t\t\t\t\t<div class=\"e-con-inner\">\n\t\t<div class=\"elementor-element elementor-element-0f60c99 e-con-full e-flex e-con e-child\" data-id=\"0f60c99\" data-element_type=\"container\">\n\t\t\t\t<div class=\"elementor-element elementor-element-93d07c2 elementor-widget elementor-widget-image\" data-id=\"93d07c2\" data-element_type=\"widget\" data-widget_type=\"image.default\">\n\t\t\t\t<div class=\"elementor-widget-container\">\n\t\t\t\t\t\t\t\t\t\t\t\t\t<img loading=\"lazy\" decoding=\"async\" width=\"225\" height=\"300\" src=\"https:\/\/www.plantguardian.ch\/wp-content\/uploads\/2024\/03\/IMG-20240327-WA0001-225x300.jpg\" class=\"attachment-medium size-medium wp-image-857\" alt=\"\" srcset=\"https:\/\/www.plantguardian.ch\/wp-content\/uploads\/2024\/03\/IMG-20240327-WA0001-225x300.jpg 225w, https:\/\/www.plantguardian.ch\/wp-content\/uploads\/2024\/03\/IMG-20240327-WA0001-768x1024.jpg 768w, https:\/\/www.plantguardian.ch\/wp-content\/uploads\/2024\/03\/IMG-20240327-WA0001-1152x1536.jpg 1152w, https:\/\/www.plantguardian.ch\/wp-content\/uploads\/2024\/03\/IMG-20240327-WA0001-9x12.jpg 9w, https:\/\/www.plantguardian.ch\/wp-content\/uploads\/2024\/03\/IMG-20240327-WA0001-1140x1520.jpg 1140w, https:\/\/www.plantguardian.ch\/wp-content\/uploads\/2024\/03\/IMG-20240327-WA0001-920x1227.jpg 920w, https:\/\/www.plantguardian.ch\/wp-content\/uploads\/2024\/03\/IMG-20240327-WA0001-575x767.jpg 575w, https:\/\/www.plantguardian.ch\/wp-content\/uploads\/2024\/03\/IMG-20240327-WA0001-380x507.jpg 380w, https:\/\/www.plantguardian.ch\/wp-content\/uploads\/2024\/03\/IMG-20240327-WA0001-420x560.jpg 420w, https:\/\/www.plantguardian.ch\/wp-content\/uploads\/2024\/03\/IMG-20240327-WA0001-800x1067.jpg 800w, https:\/\/www.plantguardian.ch\/wp-content\/uploads\/2024\/03\/IMG-20240327-WA0001.jpg 1200w\" sizes=\"(max-width: 225px) 100vw, 225px\" \/>\t\t\t\t\t\t\t\t\t\t\t\t\t<\/div>\n\t\t\t\t<\/div>\n\t\t\t\t<\/div>\n\t\t<div class=\"elementor-element elementor-element-a543a99 e-con-full e-flex e-con e-child\" data-id=\"a543a99\" data-element_type=\"container\">\n\t\t\t\t<div class=\"elementor-element elementor-element-4ad843f elementor-widget elementor-widget-heading\" data-id=\"4ad843f\" data-element_type=\"widget\" data-widget_type=\"heading.default\">\n\t\t\t\t<div class=\"elementor-widget-container\">\n\t\t\t<h2 class=\"elementor-heading-title elementor-size-default\">Lily M\u00fcller<\/h2>\t\t<\/div>\n\t\t\t\t<\/div>\n\t\t\t\t<div class=\"elementor-element elementor-element-723d0ad elementor-widget elementor-widget-heading\" data-id=\"723d0ad\" data-element_type=\"widget\" data-widget_type=\"heading.default\">\n\t\t\t\t<div class=\"elementor-widget-container\">\n\t\t\t<h3 class=\"elementor-heading-title elementor-size-default\">CFO<\/h3>\t\t<\/div>\n\t\t\t\t<\/div>\n\t\t\t\t<div class=\"elementor-element elementor-element-24a4fd2 elementor-widget elementor-widget-text-editor\" data-id=\"24a4fd2\" data-element_type=\"widget\" data-widget_type=\"text-editor.default\">\n\t\t\t\t<div class=\"elementor-widget-container\">\n\t\t\t\t\t\t\t<p>I keep track of our finances, help with various design work and do the bookkeeping.<\/p>\t\t\t\t\t\t<\/div>\n\t\t\t\t<\/div>\n\t\t\t\t<div class=\"elementor-element elementor-element-1958709 elementor-widget elementor-widget-text-editor\" data-id=\"1958709\" data-element_type=\"widget\" data-widget_type=\"text-editor.default\">\n\t\t\t\t<div class=\"elementor-widget-container\">\n\t\t\t\t\t\t\t\t\t\t\t\t\t<\/div>\n\t\t\t\t<\/div>\n\t\t\t\t<\/div>\n\t\t\t\t\t<\/div>\n\t\t\t\t<\/div>\n\t\t<div class=\"elementor-element elementor-element-c32f925 e-flex e-con-boxed e-con e-parent\" data-id=\"c32f925\" data-element_type=\"container\" data-core-v316-plus=\"true\">\n\t\t\t\t\t<div class=\"e-con-inner\">\n\t\t<div class=\"elementor-element elementor-element-6d859ff e-con-full e-flex e-con e-child\" data-id=\"6d859ff\" data-element_type=\"container\">\n\t\t\t\t<div class=\"elementor-element elementor-element-d63c897 elementor-widget elementor-widget-image\" data-id=\"d63c897\" data-element_type=\"widget\" data-widget_type=\"image.default\">\n\t\t\t\t<div class=\"elementor-widget-container\">\n\t\t\t\t\t\t\t\t\t\t\t\t\t<img loading=\"lazy\" decoding=\"async\" width=\"225\" height=\"300\" src=\"https:\/\/www.plantguardian.ch\/wp-content\/uploads\/2024\/03\/IMG-20240327-WA0000-225x300.jpg\" class=\"attachment-medium size-medium wp-image-855\" alt=\"\" srcset=\"https:\/\/www.plantguardian.ch\/wp-content\/uploads\/2024\/03\/IMG-20240327-WA0000-225x300.jpg 225w, https:\/\/www.plantguardian.ch\/wp-content\/uploads\/2024\/03\/IMG-20240327-WA0000-768x1024.jpg 768w, https:\/\/www.plantguardian.ch\/wp-content\/uploads\/2024\/03\/IMG-20240327-WA0000-1152x1536.jpg 1152w, https:\/\/www.plantguardian.ch\/wp-content\/uploads\/2024\/03\/IMG-20240327-WA0000-9x12.jpg 9w, https:\/\/www.plantguardian.ch\/wp-content\/uploads\/2024\/03\/IMG-20240327-WA0000-1140x1520.jpg 1140w, https:\/\/www.plantguardian.ch\/wp-content\/uploads\/2024\/03\/IMG-20240327-WA0000-920x1227.jpg 920w, https:\/\/www.plantguardian.ch\/wp-content\/uploads\/2024\/03\/IMG-20240327-WA0000-575x767.jpg 575w, https:\/\/www.plantguardian.ch\/wp-content\/uploads\/2024\/03\/IMG-20240327-WA0000-380x507.jpg 380w, https:\/\/www.plantguardian.ch\/wp-content\/uploads\/2024\/03\/IMG-20240327-WA0000-420x560.jpg 420w, https:\/\/www.plantguardian.ch\/wp-content\/uploads\/2024\/03\/IMG-20240327-WA0000-800x1067.jpg 800w, https:\/\/www.plantguardian.ch\/wp-content\/uploads\/2024\/03\/IMG-20240327-WA0000.jpg 1200w\" sizes=\"(max-width: 225px) 100vw, 225px\" \/>\t\t\t\t\t\t\t\t\t\t\t\t\t<\/div>\n\t\t\t\t<\/div>\n\t\t\t\t<\/div>\n\t\t<div class=\"elementor-element elementor-element-f703339 e-con-full e-flex e-con e-child\" data-id=\"f703339\" data-element_type=\"container\">\n\t\t\t\t<div class=\"elementor-element elementor-element-f5b6c17 elementor-widget elementor-widget-heading\" data-id=\"f5b6c17\" data-element_type=\"widget\" data-widget_type=\"heading.default\">\n\t\t\t\t<div class=\"elementor-widget-container\">\n\t\t\t<h2 class=\"elementor-heading-title elementor-size-default\">Julia <span><span class=\"ui-provider bks bkt bku bkv bkw bkx bky bkz bla blb blc bld ble blf blg blh bli blj blk bll blm bln blo blp blq blr bls blt blu blv blw blx bly blz bma\" dir=\"ltr\">Pelaez <\/span><\/span><\/h2>\t\t<\/div>\n\t\t\t\t<\/div>\n\t\t\t\t<div class=\"elementor-element elementor-element-48ccfec elementor-widget elementor-widget-heading\" data-id=\"48ccfec\" data-element_type=\"widget\" data-widget_type=\"heading.default\">\n\t\t\t\t<div class=\"elementor-widget-container\">\n\t\t\t<h3 class=\"elementor-heading-title elementor-size-default\">CPO<\/h3>\t\t<\/div>\n\t\t\t\t<\/div>\n\t\t\t\t<div class=\"elementor-element elementor-element-176bed0 elementor-widget elementor-widget-text-editor\" data-id=\"176bed0\" data-element_type=\"widget\" data-widget_type=\"text-editor.default\">\n\t\t\t\t<div class=\"elementor-widget-container\">\n\t\t\t\t\t\t\t<p>Als CPO besch\u00e4ftige ich mich mit der Produktion und den n\u00f6tigen Bestellungen. Durch \u00dcberpr\u00fcfung des Lagerbestands behalte ich den \u00dcberblick \u00fcber unsere Bestellungen.<\/p>\t\t\t\t\t\t<\/div>\n\t\t\t\t<\/div>\n\t\t\t\t<div class=\"elementor-element elementor-element-7c3271e elementor-widget elementor-widget-text-editor\" data-id=\"7c3271e\" data-element_type=\"widget\" data-widget_type=\"text-editor.default\">\n\t\t\t\t<div class=\"elementor-widget-container\">\n\t\t\t\t\t\t\t\t\t\t\t\t\t<\/div>\n\t\t\t\t<\/div>\n\t\t\t\t<\/div>\n\t\t\t\t\t<\/div>\n\t\t\t\t<\/div>\n\t\t\t\t<\/div>","protected":false},"excerpt":{"rendered":"<p>\/*! elementor &#8211; v3.20.0 &#8211; 20-03-2024 *\/ .elementor-widget-image{text-align:center}.elementor-widget-image a{display:inline-block}.elementor-widget-image a img[src$=&#187;.svg&#187;]{width:48px}.elementor-widget-image img{vertical-align:middle;display:inline-block} \/*! elementor &#8211; v3.20.0 &#8211; 20-03-2024 *\/ .elementor-column .elementor-spacer-inner{height:var(&#8211;spacer-size)}.e-con{&#8211;container-widget-width:100%}.e-con-inner&gt;.elementor-widget-spacer,.e-con&gt;.elementor-widget-spacer{width:var(&#8211;container-widget-width,var(&#8211;spacer-size));&#8211;align-self:var(&#8211;container-widget-align-self,initial);&#8211;flex-shrink:0}.e-con-inner&gt;.elementor-widget-spacer&gt;.elementor-widget-container,.e-con&gt;.elementor-widget-spacer&gt;.elementor-widget-container{height:100%;width:100%}.e-con-inner&gt;.elementor-widget-spacer&gt;.elementor-widget-container&gt;.elementor-spacer,.e-con&gt;.elementor-widget-spacer&gt;.elementor-widget-container&gt;.elementor-spacer{height:100%}.e-con-inner&gt;.elementor-widget-spacer&gt;.elementor-widget-container&gt;.elementor-spacer&gt;.elementor-spacer-inner,.e-con&gt;.elementor-widget-spacer&gt;.elementor-widget-container&gt;.elementor-spacer&gt;.elementor-spacer-inner{height:var(&#8211;container-widget-height,var(&#8211;spacer-size))}.e-con-inner&gt;.elementor-widget-spacer.elementor-widget-empty,.e-con&gt;.elementor-widget-spacer.elementor-widget-empty{position:relative;min-height:22px;min-width:22px}.e-con-inner&gt;.elementor-widget-spacer.elementor-widget-empty .elementor-widget-empty-icon,.e-con&gt;.elementor-widget-spacer.elementor-widget-empty .elementor-widget-empty-icon{position:absolute;top:0;bottom:0;left:0;right:0;margin:auto;padding:0;width:22px;height:22px} \/*! elementor &#8211; v3.20.0 &#8211; 20-03-2024 *\/ [&hellip;]<\/p>","protected":false},"author":1,"featured_media":0,"parent":0,"menu_order":0,"comment_status":"closed","ping_status":"closed","template":"","meta":{"om_disable_all_campaigns":false,"_uf_show_specific_survey":0,"_uf_disable_surveys":false,"_themeisle_gutenberg_block_has_review":false,"footnotes":""},"class_list":["post-567","page","type-page","status-publish","hentry"],"aioseo_notices":[],"_links":{"self":[{"href":"https:\/\/www.plantguardian.ch\/en\/wp-json\/wp\/v2\/pages\/567","targetHints":{"allow":["GET"]}}],"collection":[{"href":"https:\/\/www.plantguardian.ch\/en\/wp-json\/wp\/v2\/pages"}],"about":[{"href":"https:\/\/www.plantguardian.ch\/en\/wp-json\/wp\/v2\/types\/page"}],"author":[{"embeddable":true,"href":"https:\/\/www.plantguardian.ch\/en\/wp-json\/wp\/v2\/users\/1"}],"replies":[{"embeddable":true,"href":"https:\/\/www.plantguardian.ch\/en\/wp-json\/wp\/v2\/comments?post=567"}],"version-history":[{"count":77,"href":"https:\/\/www.plantguardian.ch\/en\/wp-json\/wp\/v2\/pages\/567\/revisions"}],"predecessor-version":[{"id":885,"href":"https:\/\/www.plantguardian.ch\/en\/wp-json\/wp\/v2\/pages\/567\/revisions\/885"}],"wp:attachment":[{"href":"https:\/\/www.plantguardian.ch\/en\/wp-json\/wp\/v2\/media?parent=567"}],"curies":[{"name":"wp","href":"https:\/\/api.w.org\/{rel}","templated":true}]}}