{"id":492,"date":"2023-10-17T10:28:00","date_gmt":"2023-10-17T08:28:00","guid":{"rendered":"https:\/\/www.plantguardian.ch\/?page_id=492"},"modified":"2023-12-12T08:28:27","modified_gmt":"2023-12-12T07:28:27","slug":"impressum-datenschutz","status":"publish","type":"page","link":"https:\/\/www.plantguardian.ch\/en\/impressum-datenschutz\/","title":{"rendered":"Impressum &amp; Privacy policy"},"content":{"rendered":"<h2 class=\"wp-block-heading\"><strong>Impressum<\/strong><\/h2>\n\n\n\n<pre class=\"wp-block-verse\">PlantGuardian<br>Kornweg 14<br>4805 Brittnau<\/pre>\n\n\n\n<h2 class=\"wp-block-heading\"><strong>Datenschutzerkl\u00e4rung:<\/strong><\/h2>\n\n\n\n<h3 class=\"wp-block-heading\"><strong>1. Datensammlung und -verwendung:<\/strong><\/h3>\n\n\n\n<ul class=\"wp-block-list\">\n<li>Wir erheben und speichern personenbezogene Daten, die Sie uns zur Verf\u00fcgung stellen, wie Name, Adresse, E-Mail-Adresse und Telefonnummer. Diese Daten werden verwendet, um Ihre Anfragen zu bearbeiten und mit Ihnen zu kommunizieren.<\/li>\n<\/ul>\n\n\n\n<h3 class=\"wp-block-heading\"><strong>2. Datenerfassung bei Webseitenbesuchen:<\/strong><\/h3>\n\n\n\n<ul class=\"wp-block-list\">\n<li>Bei Besuchen unserer Webseite erfassen wir automatisch bestimmte Informationen, darunter IP-Adressen, Browsertyp und Betriebssystem. Diese Informationen werden soweit anonymisiert, dass keine R\u00fcckschl\u00fcsse auf eine bestimmte Person gezogen werden k\u00f6nnen. Sie dienen zur Sicherung und Verbesserung der Website.<\/li>\n<\/ul>\n\n\n\n<h3 class=\"wp-block-heading\"><strong>3. Datenerfassung im Online-Shop:<\/strong><\/h3>\n\n\n\n<ul class=\"wp-block-list\">\n<li>Beim Besuch unseres Online-Shops erfassen wir Daten, die f\u00fcr den Kaufprozess erforderlich sind, wie Produktauswahl, Namen, Lieferadresse und Zahlungsinformationen. Diese Daten werden ausschliesslich zur Abwicklung von Bestellungen und zur Kundenbetreuung verwendet.<\/li>\n<\/ul>\n\n\n\n<h3 class=\"wp-block-heading\"><strong>4. Datenerfassung in der App:<\/strong><\/h3>\n\n\n\n<ul class=\"wp-block-list\">\n<li>Unsere App kann bestimmte Informationen erfassen, um die Nutzung zu erm\u00f6glichen und zu verbessern. Dies kann die Erfassung von Ger\u00e4teinformationen, Fehlerprotokolle und App-Nutzungsstatistiken umfassen. Wir erheben und speichern personenbezogene Daten, die Sie uns zur Verf\u00fcgung stellen, wie Name, Adresse, E-Mail-Adresse, Passw\u00f6rter und Telefonnummern. Diese Daten werden verwendet, um die Funktionen der App nutzen zu k\u00f6nnen.<\/li>\n<\/ul>\n\n\n\n<h3 class=\"wp-block-heading\"><strong>5. Weitergabe von Daten an Dritte f\u00fcr Hosting:<\/strong><\/h3>\n\n\n\n<ul class=\"wp-block-list\">\n<li>Zur Bereitstellung von Hosting-Diensten ziehen wir Dritte (Hetzner Online GmbH, Cloudflare, Hostpoint, Vercel) zur Hilfe. Diese Drittanbieter sind dazu verpflichtet, Ihre Daten nur so weit zu verwenden, wie es zur Erf\u00fcllung ihrer Dienstleistung f\u00fcr uns erforderlich ist und gem\u00e4ss den geltenden Datenschutzbestimmungen.<\/li>\n<\/ul>\n\n\n\n<h3 class=\"wp-block-heading\"><strong>6. Datensicherheit:<\/strong><\/h3>\n\n\n\n<ul class=\"wp-block-list\">\n<li>Wir ergreifen angemessene Sicherheitsmassnahmen, um Ihre Daten vor unbefugtem Zugriff und Missbrauch zu sch\u00fctzen.<\/li>\n<\/ul>\n\n\n\n<h3 class=\"wp-block-heading\"><strong>7. Ihre Rechte:<\/strong><\/h3>\n\n\n\n<ul class=\"wp-block-list\">\n<li>Sie haben das Recht, Ihre gespeicherten Daten einzusehen, zu korrigieren oder zu l\u00f6schen. <\/li>\n\n\n\n<li>Falls Sie Ihr Account bei einem unserer Dienste l\u00f6schen wollten, kontaktieren Sie uns via E-Mail oder Kontaktformular.<\/li>\n\n\n\n<li>Bitte kontaktieren Sie uns f\u00fcr Anfragen bez\u00fcglich Ihrer Datenschutzrechte.<\/li>\n<\/ul>\n\n\n\n<h3 class=\"wp-block-heading\"><strong>8. \u00c4nderungen der Datenschutzerkl\u00e4rung:<\/strong><\/h3>\n\n\n\n<ul class=\"wp-block-list\">\n<li>Wir behalten uns das Recht vor, diese Datenschutzerkl\u00e4rung zu aktualisieren. Bitte \u00fcberpr\u00fcfen Sie sie regelm\u00e4ssig.<\/li>\n<\/ul>","protected":false},"excerpt":{"rendered":"<p>Impressum PlantGuardianKornweg 144805 Brittnau Datenschutzerkl\u00e4rung: 1. Datensammlung und -verwendung: 2. Datenerfassung bei Webseitenbesuchen: 3. Datenerfassung im Online-Shop: 4. Datenerfassung in der App: 5. Weitergabe von Daten an Dritte f\u00fcr Hosting: [&hellip;]<\/p>","protected":false},"author":1,"featured_media":0,"parent":0,"menu_order":0,"comment_status":"closed","ping_status":"closed","template":"","meta":{"om_disable_all_campaigns":false,"_uf_show_specific_survey":0,"_uf_disable_surveys":false,"_themeisle_gutenberg_block_has_review":false,"footnotes":""},"class_list":["post-492","page","type-page","status-publish","hentry"],"aioseo_notices":[],"_links":{"self":[{"href":"https:\/\/www.plantguardian.ch\/en\/wp-json\/wp\/v2\/pages\/492","targetHints":{"allow":["GET"]}}],"collection":[{"href":"https:\/\/www.plantguardian.ch\/en\/wp-json\/wp\/v2\/pages"}],"about":[{"href":"https:\/\/www.plantguardian.ch\/en\/wp-json\/wp\/v2\/types\/page"}],"author":[{"embeddable":true,"href":"https:\/\/www.plantguardian.ch\/en\/wp-json\/wp\/v2\/users\/1"}],"replies":[{"embeddable":true,"href":"https:\/\/www.plantguardian.ch\/en\/wp-json\/wp\/v2\/comments?post=492"}],"version-history":[{"count":11,"href":"https:\/\/www.plantguardian.ch\/en\/wp-json\/wp\/v2\/pages\/492\/revisions"}],"predecessor-version":[{"id":826,"href":"https:\/\/www.plantguardian.ch\/en\/wp-json\/wp\/v2\/pages\/492\/revisions\/826"}],"wp:attachment":[{"href":"https:\/\/www.plantguardian.ch\/en\/wp-json\/wp\/v2\/media?parent=492"}],"curies":[{"name":"wp","href":"https:\/\/api.w.org\/{rel}","templated":true}]}}