{"id":391,"date":"2022-10-19T13:30:27","date_gmt":"2022-10-19T13:30:27","guid":{"rendered":"https:\/\/demo.athemes.com\/botiga-beauty-el\/?page_id=14"},"modified":"2024-05-31T17:12:18","modified_gmt":"2024-05-31T15:12:18","slug":"home","status":"publish","type":"page","link":"https:\/\/www.plantguardian.ch\/en\/","title":{"rendered":"Home"},"content":{"rendered":"<div data-elementor-type=\"wp-page\" data-elementor-id=\"391\" class=\"elementor elementor-391\">\n\t\t\t\t\t\t<section class=\"elementor-section elementor-top-section elementor-element elementor-element-a53f34a elementor-section-full_width elementor-section-height-full elementor-section-height-default elementor-section-items-middle\" data-id=\"a53f34a\" data-element_type=\"section\" data-settings=\"{&quot;background_background&quot;:&quot;classic&quot;}\">\n\t\t\t\t\t\t<div class=\"elementor-container elementor-column-gap-default\">\n\t\t\t\t\t<div class=\"elementor-column elementor-col-100 elementor-top-column elementor-element elementor-element-77f1ba6\" data-id=\"77f1ba6\" data-element_type=\"column\">\n\t\t\t<div class=\"elementor-widget-wrap elementor-element-populated\">\n\t\t\t\t\t\t<div class=\"elementor-element elementor-element-dbae005 elementor-invisible elementor-widget elementor-widget-heading\" data-id=\"dbae005\" data-element_type=\"widget\" data-settings=\"{&quot;_animation&quot;:&quot;fadeInUpShorter&quot;,&quot;_animation_delay&quot;:&quot;200&quot;}\" data-widget_type=\"heading.default\">\n\t\t\t\t<div class=\"elementor-widget-container\">\n\t\t\t<style>\/*! elementor - v3.20.0 - 20-03-2024 *\/\n.elementor-heading-title{padding:0;margin:0;line-height:1}.elementor-widget-heading .elementor-heading-title[class*=elementor-size-]>a{color:inherit;font-size:inherit;line-height:inherit}.elementor-widget-heading .elementor-heading-title.elementor-size-small{font-size:15px}.elementor-widget-heading .elementor-heading-title.elementor-size-medium{font-size:19px}.elementor-widget-heading .elementor-heading-title.elementor-size-large{font-size:29px}.elementor-widget-heading .elementor-heading-title.elementor-size-xl{font-size:39px}.elementor-widget-heading .elementor-heading-title.elementor-size-xxl{font-size:59px}<\/style><h1 class=\"elementor-heading-title elementor-size-default\">PlantGuardian<\/h1>\t\t<\/div>\n\t\t\t\t<\/div>\n\t\t\t\t<div class=\"elementor-element elementor-element-a5a2795 elementor-widget elementor-widget-text-editor\" data-id=\"a5a2795\" data-element_type=\"widget\" data-widget_type=\"text-editor.default\">\n\t\t\t\t<div class=\"elementor-widget-container\">\n\t\t\t<style>\/*! elementor - v3.20.0 - 20-03-2024 *\/\n.elementor-widget-text-editor.elementor-drop-cap-view-stacked .elementor-drop-cap{background-color:#69727d;color:#fff}.elementor-widget-text-editor.elementor-drop-cap-view-framed .elementor-drop-cap{color:#69727d;border:3px solid;background-color:transparent}.elementor-widget-text-editor:not(.elementor-drop-cap-view-default) .elementor-drop-cap{margin-top:8px}.elementor-widget-text-editor:not(.elementor-drop-cap-view-default) .elementor-drop-cap-letter{width:1em;height:1em}.elementor-widget-text-editor .elementor-drop-cap{float:left;text-align:center;line-height:1;font-size:50px}.elementor-widget-text-editor .elementor-drop-cap-letter{display:inline-block}<\/style>\t\t\t\t<p><span style=\"letter-spacing: 0px\">Mit uns hat jeder einen gr\u00fcnen Daumen<\/span><br><\/p>\t\t\t\t\t\t<\/div>\n\t\t\t\t<\/div>\n\t\t\t\t<div class=\"elementor-element elementor-element-87aedb5 elementor-widget__width-auto elementor-invisible elementor-widget elementor-widget-button\" data-id=\"87aedb5\" data-element_type=\"widget\" data-settings=\"{&quot;_animation&quot;:&quot;fadeInUpShorter&quot;,&quot;_animation_delay&quot;:&quot;400&quot;}\" data-widget_type=\"button.default\">\n\t\t\t\t<div class=\"elementor-widget-container\">\n\t\t\t\t\t<div class=\"elementor-button-wrapper\">\n\t\t\t<a class=\"elementor-button elementor-button-link elementor-size-sm\" href=\"\/en\/shop\/\">\n\t\t\t\t\t\t<span class=\"elementor-button-content-wrapper\">\n\t\t\t\t\t\t<span class=\"elementor-button-text\">Shop<\/span>\n\t\t<\/span>\n\t\t\t\t\t<\/a>\n\t\t<\/div>\n\t\t\t\t<\/div>\n\t\t\t\t<\/div>\n\t\t\t\t<div class=\"elementor-element elementor-element-1929f74 elementor-widget__width-auto elementor-invisible elementor-widget elementor-widget-button\" data-id=\"1929f74\" data-element_type=\"widget\" data-settings=\"{&quot;_animation&quot;:&quot;fadeInUpShorter&quot;,&quot;_animation_delay&quot;:&quot;400&quot;}\" data-widget_type=\"button.default\">\n\t\t\t\t<div class=\"elementor-widget-container\">\n\t\t\t\t\t<div class=\"elementor-button-wrapper\">\n\t\t\t<a class=\"elementor-button elementor-button-link elementor-size-sm\" href=\"https:\/\/app.plantguardian.ch\/\">\n\t\t\t\t\t\t<span class=\"elementor-button-content-wrapper\">\n\t\t\t\t\t\t<span class=\"elementor-button-text\">App<\/span>\n\t\t<\/span>\n\t\t\t\t\t<\/a>\n\t\t<\/div>\n\t\t\t\t<\/div>\n\t\t\t\t<\/div>\n\t\t\t\t<div class=\"elementor-element elementor-element-8cfc86b elementor-widget__width-auto elementor-invisible elementor-widget elementor-widget-button\" data-id=\"8cfc86b\" data-element_type=\"widget\" data-settings=\"{&quot;_animation&quot;:&quot;fadeInUpShorter&quot;,&quot;_animation_delay&quot;:&quot;400&quot;}\" data-widget_type=\"button.default\">\n\t\t\t\t<div class=\"elementor-widget-container\">\n\t\t\t\t\t<div class=\"elementor-button-wrapper\">\n\t\t\t<a class=\"elementor-button elementor-button-link elementor-size-sm\" href=\"https:\/\/www.plantguardian.ch\/en\/manual\/\">\n\t\t\t\t\t\t<span class=\"elementor-button-content-wrapper\">\n\t\t\t\t\t\t<span class=\"elementor-button-text\">Manual<\/span>\n\t\t<\/span>\n\t\t\t\t\t<\/a>\n\t\t<\/div>\n\t\t\t\t<\/div>\n\t\t\t\t<\/div>\n\t\t\t\t\t<\/div>\n\t\t<\/div>\n\t\t\t\t\t<\/div>\n\t\t<\/section>\n\t\t<div class=\"elementor-element elementor-element-19f7f53 e-flex e-con-boxed e-con e-parent\" data-id=\"19f7f53\" data-element_type=\"container\" data-core-v316-plus=\"true\">\n\t\t\t\t\t<div class=\"e-con-inner\">\n\t\t<div class=\"elementor-element elementor-element-25ec3c8 e-con-full e-flex e-con e-child\" data-id=\"25ec3c8\" data-element_type=\"container\">\n\t\t\t\t<div class=\"elementor-element elementor-element-859b909 elementor-widget elementor-widget-heading\" data-id=\"859b909\" data-element_type=\"widget\" data-widget_type=\"heading.default\">\n\t\t\t\t<div class=\"elementor-widget-container\">\n\t\t\t<h2 class=\"elementor-heading-title elementor-size-default\">Technical watering for your houseplants<\/h2>\t\t<\/div>\n\t\t\t\t<\/div>\n\t\t\t\t<div class=\"elementor-element elementor-element-89830bc elementor-widget elementor-widget-text-editor\" data-id=\"89830bc\" data-element_type=\"widget\" data-widget_type=\"text-editor.default\">\n\t\t\t\t<div class=\"elementor-widget-container\">\n\t\t\t\t\t\t\t<p>We are PlantGuardian, a mini-company of the YES-Company programme, made up of students from the Kantonsschule Zofingen, whose aim is to simplify plant care, because houseplants are important for good air circulation and a pleasant indoor climate. Our product Nammu uses innovative technology to ensure that your plants get the right amount of water at the right intervals, which prevents root mould and overwatering. Thanks to the permanent water supply, travelling for business or pleasure is no problem. This gives every plant a chance to thrive, because with us, everyone has a green thumb.<\/p>\t\t\t\t\t\t<\/div>\n\t\t\t\t<\/div>\n\t\t\t\t<div class=\"elementor-element elementor-element-2eb62fe elementor-widget elementor-widget-text-editor\" data-id=\"2eb62fe\" data-element_type=\"widget\" data-widget_type=\"text-editor.default\">\n\t\t\t\t<div class=\"elementor-widget-container\">\n\t\t\t\t\t\t\t\t\t\t\t\t\t<\/div>\n\t\t\t\t<\/div>\n\t\t\t\t<\/div>\n\t\t<div class=\"elementor-element elementor-element-e3d070f e-con-full e-flex e-con e-child\" data-id=\"e3d070f\" data-element_type=\"container\">\n\t\t\t\t<div class=\"elementor-element elementor-element-257ad13 elementor-widget elementor-widget-image\" data-id=\"257ad13\" data-element_type=\"widget\" data-widget_type=\"image.default\">\n\t\t\t\t<div class=\"elementor-widget-container\">\n\t\t\t<style>\/*! elementor - v3.20.0 - 20-03-2024 *\/\n.elementor-widget-image{text-align:center}.elementor-widget-image a{display:inline-block}.elementor-widget-image a img[src$=\".svg\"]{width:48px}.elementor-widget-image img{vertical-align:middle;display:inline-block}<\/style>\t\t\t\t\t\t\t\t\t\t<img fetchpriority=\"high\" decoding=\"async\" width=\"800\" height=\"1067\" src=\"https:\/\/www.plantguardian.ch\/wp-content\/uploads\/2023\/11\/IMG-20231111-WA0035-800x1067.jpg\" class=\"attachment-woocommerce_single size-woocommerce_single wp-image-711\" alt=\"\" srcset=\"https:\/\/www.plantguardian.ch\/wp-content\/uploads\/2023\/11\/IMG-20231111-WA0035-800x1067.jpg 800w, https:\/\/www.plantguardian.ch\/wp-content\/uploads\/2023\/11\/IMG-20231111-WA0035-225x300.jpg 225w, https:\/\/www.plantguardian.ch\/wp-content\/uploads\/2023\/11\/IMG-20231111-WA0035-768x1024.jpg 768w, https:\/\/www.plantguardian.ch\/wp-content\/uploads\/2023\/11\/IMG-20231111-WA0035-1152x1536.jpg 1152w, https:\/\/www.plantguardian.ch\/wp-content\/uploads\/2023\/11\/IMG-20231111-WA0035-1140x1520.jpg 1140w, https:\/\/www.plantguardian.ch\/wp-content\/uploads\/2023\/11\/IMG-20231111-WA0035-920x1227.jpg 920w, https:\/\/www.plantguardian.ch\/wp-content\/uploads\/2023\/11\/IMG-20231111-WA0035-575x767.jpg 575w, https:\/\/www.plantguardian.ch\/wp-content\/uploads\/2023\/11\/IMG-20231111-WA0035-380x507.jpg 380w, https:\/\/www.plantguardian.ch\/wp-content\/uploads\/2023\/11\/IMG-20231111-WA0035-420x560.jpg 420w, https:\/\/www.plantguardian.ch\/wp-content\/uploads\/2023\/11\/IMG-20231111-WA0035.jpg 1536w\" sizes=\"(max-width: 800px) 100vw, 800px\" \/>\t\t\t\t\t\t\t\t\t\t\t\t\t<\/div>\n\t\t\t\t<\/div>\n\t\t\t\t<\/div>\n\t\t\t\t\t<\/div>\n\t\t\t\t<\/div>\n\t\t<div class=\"elementor-element elementor-element-092f76a e-flex e-con-boxed e-con e-parent\" data-id=\"092f76a\" data-element_type=\"container\" data-core-v316-plus=\"true\">\n\t\t\t\t\t<div class=\"e-con-inner\">\n\t\t\t\t<div class=\"elementor-element elementor-element-6780a10 elementor-widget__width-initial elementor-widget elementor-widget-image\" data-id=\"6780a10\" data-element_type=\"widget\" data-widget_type=\"image.default\">\n\t\t\t\t<div class=\"elementor-widget-container\">\n\t\t\t\t\t\t\t\t\t\t\t\t\t<img decoding=\"async\" width=\"768\" height=\"1024\" src=\"https:\/\/www.plantguardian.ch\/wp-content\/uploads\/2024\/05\/MicrosoftTeams-image-1.jpg\" class=\"attachment-large size-large wp-image-894\" alt=\"\" srcset=\"https:\/\/www.plantguardian.ch\/wp-content\/uploads\/2024\/05\/MicrosoftTeams-image-1.jpg 768w, https:\/\/www.plantguardian.ch\/wp-content\/uploads\/2024\/05\/MicrosoftTeams-image-1-225x300.jpg 225w, https:\/\/www.plantguardian.ch\/wp-content\/uploads\/2024\/05\/MicrosoftTeams-image-1-9x12.jpg 9w, https:\/\/www.plantguardian.ch\/wp-content\/uploads\/2024\/05\/MicrosoftTeams-image-1-575x767.jpg 575w, https:\/\/www.plantguardian.ch\/wp-content\/uploads\/2024\/05\/MicrosoftTeams-image-1-380x507.jpg 380w, https:\/\/www.plantguardian.ch\/wp-content\/uploads\/2024\/05\/MicrosoftTeams-image-1-420x560.jpg 420w\" sizes=\"(max-width: 768px) 100vw, 768px\" \/>\t\t\t\t\t\t\t\t\t\t\t\t\t<\/div>\n\t\t\t\t<\/div>\n\t\t\t\t<div class=\"elementor-element elementor-element-1eb327c elementor-widget elementor-widget-text-editor\" data-id=\"1eb327c\" data-element_type=\"widget\" data-widget_type=\"text-editor.default\">\n\t\t\t\t<div class=\"elementor-widget-container\">\n\t\t\t\t\t\t\t<h4><strong>Why do we need houseplants?<\/strong><\/h4><p><span class=\"ui-provider bgh bgi bgj bgk bgl bgm bgn bgo bgp bgq bgr bgs bgt bgu bgv bgw bgx bgy bgz bha bhb bhc bhd bhe bhf bhg bhh bhi bhj bhk bhl bhm bhn bho bhp\" dir=\"ltr\">Houseplants not only beautify rooms, they also improve the mood. But what effects do they have on the environment? Houseplants not only filter chemicals and dust from the air, but also help to humidify and cool the room. They also ensure a healthy oxygen content in the air. Studies show that houseplants can reduce stress, as the colour green has a calming effect. This leads to lower blood pressure and an increased feeling of relaxation and happiness. Houseplants can also prevent allergies, especially in children. By growing up surrounded by plants, the chances of developing an allergy are reduced. With the increasing number of people working from home, more and more people are opting for houseplants as their leaves absorb background noise and thus improve room acoustics, which in turn promotes concentration.<\/span><\/p>\t\t\t\t\t\t<\/div>\n\t\t\t\t<\/div>\n\t\t\t\t\t<\/div>\n\t\t\t\t<\/div>\n\t\t<div class=\"elementor-element elementor-element-ec89e95 e-flex e-con-boxed e-con e-parent\" data-id=\"ec89e95\" data-element_type=\"container\" data-core-v316-plus=\"true\">\n\t\t\t\t\t<div class=\"e-con-inner\">\n\t\t\t\t\t<\/div>\n\t\t\t\t<\/div>\n\t\t\t\t<\/div>","protected":false},"excerpt":{"rendered":"<p>PlantGuardian Mit uns hat jeder einen gr\u00fcnen Daumen Zum Shop Zur App Zur Anleitung Technische Bew\u00e4sserung f\u00fcr Deine Zimmerpflanzen Wir sind PlantGuardian, ein Miniunternehmen des YES-Company Programms, bestehend aus Sch\u00fclerinnen [&hellip;]<\/p>","protected":false},"author":1,"featured_media":0,"parent":0,"menu_order":0,"comment_status":"closed","ping_status":"closed","template":"elementor_header_footer","meta":{"om_disable_all_campaigns":false,"_uf_show_specific_survey":0,"_uf_disable_surveys":false,"_themeisle_gutenberg_block_has_review":false,"footnotes":""},"class_list":["post-391","page","type-page","status-publish","hentry"],"aioseo_notices":[],"_links":{"self":[{"href":"https:\/\/www.plantguardian.ch\/en\/wp-json\/wp\/v2\/pages\/391","targetHints":{"allow":["GET"]}}],"collection":[{"href":"https:\/\/www.plantguardian.ch\/en\/wp-json\/wp\/v2\/pages"}],"about":[{"href":"https:\/\/www.plantguardian.ch\/en\/wp-json\/wp\/v2\/types\/page"}],"author":[{"embeddable":true,"href":"https:\/\/www.plantguardian.ch\/en\/wp-json\/wp\/v2\/users\/1"}],"replies":[{"embeddable":true,"href":"https:\/\/www.plantguardian.ch\/en\/wp-json\/wp\/v2\/comments?post=391"}],"version-history":[{"count":149,"href":"https:\/\/www.plantguardian.ch\/en\/wp-json\/wp\/v2\/pages\/391\/revisions"}],"predecessor-version":[{"id":921,"href":"https:\/\/www.plantguardian.ch\/en\/wp-json\/wp\/v2\/pages\/391\/revisions\/921"}],"wp:attachment":[{"href":"https:\/\/www.plantguardian.ch\/en\/wp-json\/wp\/v2\/media?parent=391"}],"curies":[{"name":"wp","href":"https:\/\/api.w.org\/{rel}","templated":true}]}}